{"id":4268,"date":"2023-06-15T13:45:09","date_gmt":"2023-06-15T13:45:09","guid":{"rendered":"https:\/\/frankrechsteiner.de\/c-level-personality-development-for-your-inner-career\/"},"modified":"2025-06-04T08:36:21","modified_gmt":"2025-06-04T08:36:21","slug":"c-level-personality-development-for-your-inner-career","status":"publish","type":"page","link":"https:\/\/frankrechsteiner.de\/en\/c-level-personality-development-for-your-inner-career\/","title":{"rendered":"C-level personality development for your inner career"},"content":{"rendered":"<p>[et_pb_section fb_built=&#8221;1&#8243; _builder_version=&#8221;4.26.0&#8243; _module_preset=&#8221;default&#8221; use_background_color_gradient=&#8221;on&#8221; background_color_gradient_stops=&#8221;rgba(0,0,0,0.6) 0%|rgba(0,0,0,0.6) 100%&#8221; background_color_gradient_overlays_image=&#8221;on&#8221; background_image=&#8221;https:\/\/frankrechsteiner.de\/wp-content\/uploads\/2024\/07\/MigalVANAS_Photography_8K_Enviro-5____.jpg&#8221; bottom_divider_style=&#8221;slant2&#8243; bottom_divider_color=&#8221;#ffffff&#8221; bottom_divider_height=&#8221;150px&#8221; bottom_divider_repeat=&#8221;1x&#8221; bottom_divider_flip=&#8221;horizontal&#8221; bottom_divider_height_tablet=&#8221;150px&#8221; bottom_divider_height_phone=&#8221;75px&#8221; bottom_divider_height_last_edited=&#8221;on|phone&#8221; background_last_edited=&#8221;on|phone&#8221; background_image_phone=&#8221;https:\/\/frankrechsteiner.de\/wp-content\/uploads\/2024\/07\/MigalVANAS_Photography_8K_Enviro-5_mobile.jpg&#8221; background_enable_image_phone=&#8221;on&#8221; global_colors_info=&#8221;{}&#8221;][et_pb_row column_structure=&#8221;3_5,2_5&#8243; make_equal=&#8221;on&#8221; _builder_version=&#8221;4.27.2&#8243; _module_preset=&#8221;default&#8221; transform_translate=&#8221;0px|-20px&#8221; transform_translate_linked=&#8221;off&#8221; min_height=&#8221;500px&#8221; min_height_tablet=&#8221;500px&#8221; min_height_phone=&#8221;400px&#8221; min_height_last_edited=&#8221;on|tablet&#8221; custom_padding=&#8221;75px||0px||false|false&#8221; custom_css_main_element=&#8221;align-items:center;&#8221; global_colors_info=&#8221;{}&#8221; custom_css_main_element_last_edited=&#8221;on|tablet&#8221; custom_css_main_element_tablet=&#8221;display:flex;||align-items:center;&#8221; custom_css_main_element_phone=&#8221;display:flex;||align-items:center;&#8221;][et_pb_column type=&#8221;3_5&#8243; _builder_version=&#8221;4.21.0&#8243; _module_preset=&#8221;default&#8221; global_colors_info=&#8221;{}&#8221;][et_pb_text _builder_version=&#8221;4.27.2&#8243; _module_preset=&#8221;default&#8221; header_text_color=&#8221;#FFFFFF&#8221; custom_margin=&#8221;||15px||false|false&#8221; hover_enabled=&#8221;0&#8243; global_colors_info=&#8221;{}&#8221; content_last_edited=&#8221;on|phone&#8221; content_phone=&#8221;<\/p>\n<h1>C-level personality development for your inner career<\/h1>\n<p>&#8221; sticky_enabled=&#8221;0&#8243; content_tablet=&#8221;<\/p>\n<h1>C-level personality development for your inner career<\/h1>\n<p>&#8220;]<\/p>\n<h1>C-level personality development for your inner career<\/h1>\n<p>[\/et_pb_text][et_pb_text _builder_version=&#8221;4.27.2&#8243; _module_preset=&#8221;default&#8221; text_text_color=&#8221;#FFFFFF&#8221; text_font_size=&#8221;22px&#8221; text_line_height=&#8221;1.8em&#8221; global_colors_info=&#8221;{}&#8221;]<\/p>\n<p>As a CEO \/ managing director, you have achieved pretty much everything in your so-called \u201cexternal career\u201d and at the same time you are increasingly feeling that &#8230;<\/p>\n<p>[\/et_pb_text][et_pb_button button_url=&#8221;@ET-DC@eyJkeW5hbWljIjp0cnVlLCJjb250ZW50IjoicG9zdF9saW5rX3VybF9wYWdlIiwic2V0dGluZ3MiOnsicG9zdF9pZCI6IjIwIiwiZW5hYmxlX2h0bWwiOiJvZmYifX0=@&#8221; button_text=&#8221;Make an appointment&#8221; _builder_version=&#8221;4.21.0&#8243; _dynamic_attributes=&#8221;button_url&#8221; _module_preset=&#8221;6187222b-fced-4d51-a7cc-468243788e9c&#8221; global_colors_info=&#8221;{}&#8221;][\/et_pb_button][\/et_pb_column][et_pb_column type=&#8221;2_5&#8243; _builder_version=&#8221;4.21.0&#8243; _module_preset=&#8221;default&#8221; global_colors_info=&#8221;{}&#8221;][\/et_pb_column][\/et_pb_row][\/et_pb_section][et_pb_section fb_built=&#8221;1&#8243; _builder_version=&#8221;4.21.0&#8243; _module_preset=&#8221;default&#8221; z_index=&#8221;99&#8243; custom_padding=&#8221;100px||150px||false|false&#8221; global_colors_info=&#8221;{}&#8221;][et_pb_row custom_padding_last_edited=&#8221;on|tablet&#8221; _builder_version=&#8221;4.21.0&#8243; _module_preset=&#8221;default&#8221; z_index=&#8221;99&#8243; custom_margin=&#8221;||||false|false&#8221; custom_padding=&#8221;0px||50px||false|false&#8221; custom_padding_tablet=&#8221;||100px||false|false&#8221; custom_padding_phone=&#8221;||100px||false|false&#8221; global_colors_info=&#8221;{}&#8221;][et_pb_column type=&#8221;4_4&#8243; _builder_version=&#8221;4.21.0&#8243; _module_preset=&#8221;default&#8221; z_index=&#8221;99&#8243; global_colors_info=&#8221;{}&#8221;][et_pb_text _builder_version=&#8221;4.27.2&#8243; _module_preset=&#8221;default&#8221; custom_css_free_form=&#8221;selector li {||  margin-bottom:15px;||  font-size:22px;||}&#8221; global_colors_info=&#8221;{}&#8221;]<\/p>\n<ul>\n<li>despite social status, monetary success and a remarkable career, you have reached an inner dead end.<\/li>\n<li>that can&#8217;t be the end of the story.<\/li>\n<li>you feel empty and unfulfilled.<\/li>\n<li>you have little energy and yet you are only running.<\/li>\n<li>the question of meaningfulness is pushed up again and again and the frustration level rises.<\/li>\n<\/ul>\n<p>[\/et_pb_text][et_pb_text _builder_version=&#8221;4.27.2&#8243; _module_preset=&#8221;default&#8221; global_colors_info=&#8221;{}&#8221;]<\/p>\n<p>Your management team&#8217;s behavior ultimately reflects your patterns or your unresolved issues. It doesn&#8217;t help to change people over and over again and replace them with new ones. The issues will come back &#8211; exciting, isn&#8217;t it?  <\/p>\n<p>The solution to this dilemma is clearly your responsibility: work on your \u201cinner career\u201d, i.e. your inner issues, so that you are then in a position to appoint the right people to the key positions in your company.<\/p>\n<p>In clear and concise terms &#8211; the work starts with you and then we take care of your management team to maximize your team&#8217;s potential.<\/p>\n<p>The Turning Point: Ultimately, it&#8217;s about connecting your inner and outer career in order to create a feeling of congruence and satisfaction within you. I work with you to further develop your inner personality issues so that you can perceive and feel exactly what and where you really want to go and thus be a <strong>top match<\/strong> for yourself <u>and<\/u> your company. <\/p>\n<p>[\/et_pb_text][et_pb_button button_url=&#8221;@ET-DC@eyJkeW5hbWljIjp0cnVlLCJjb250ZW50IjoicG9zdF9saW5rX3VybF9wYWdlIiwic2V0dGluZ3MiOnsicG9zdF9pZCI6IjIwIiwiZW5hYmxlX2h0bWwiOiJvZmYifX0=@&#8221; button_text=&#8221;Make an appointment&#8221; _builder_version=&#8221;4.21.0&#8243; _dynamic_attributes=&#8221;button_url&#8221; _module_preset=&#8221;6187222b-fced-4d51-a7cc-468243788e9c&#8221; global_colors_info=&#8221;{}&#8221;][\/et_pb_button][\/et_pb_column][\/et_pb_row][\/et_pb_section]<\/p>\n","protected":false},"excerpt":{"rendered":"<p>C-level personality development for your inner careerAs a CEO \/ managing director, you have achieved pretty much everything in your so-called \u201cexternal career\u201d and at the same time you are increasingly feeling that &#8230; despite social status, monetary success and a remarkable career, you have reached an inner dead end. that can&#8217;t be the end of the story. you feel empty and unfulfilled. you have little energy and yet you are only running. the question of meaningfulness is pushed up again and again and the frustration level rises. Your management team&#8217;s behavior ultimately reflects your patterns or your unresolved issues. It doesn&#8217;t help to change people over and over again and replace them with new ones. The issues will come back &#8211; exciting, isn&#8217;t it? The solution to this dilemma is clearly your responsibility: work on your \u201cinner career\u201d, i.e. your inner issues, so that you are then in a position to appoint the right people to the key positions in your company. In clear and concise terms &#8211; the work starts with you and then we take care of your management team to maximize your team&#8217;s potential. The Turning Point: Ultimately, it&#8217;s about connecting your inner and outer career [&hellip;]<\/p>\n","protected":false},"author":1,"featured_media":0,"parent":0,"menu_order":0,"comment_status":"closed","ping_status":"closed","template":"","meta":{"_et_pb_use_builder":"on","_et_pb_old_content":"","_et_gb_content_width":"","inline_featured_image":false,"footnotes":""},"class_list":["post-4268","page","type-page","status-publish","hentry"],"yoast_head":"<!-- This site is optimized with the Yoast SEO plugin v27.3 - https:\/\/yoast.com\/product\/yoast-seo-wordpress\/ -->\n<title>C-level personality development for your inner career - frankrechsteiner.de<\/title>\n<meta name=\"description\" content=\"Have you achieved everything, but feel empty? Combine external success with inner growth to find true contentment and balance.\" \/>\n<meta name=\"robots\" content=\"index, follow, max-snippet:-1, max-image-preview:large, max-video-preview:-1\" \/>\n<link rel=\"canonical\" href=\"https:\/\/frankrechsteiner.de\/en\/c-level-personality-development-for-your-inner-career\/\" \/>\n<meta property=\"og:locale\" content=\"en_US\" \/>\n<meta property=\"og:type\" content=\"article\" \/>\n<meta property=\"og:title\" content=\"C-level personality development for your inner career - frankrechsteiner.de\" \/>\n<meta property=\"og:description\" content=\"Have you achieved everything, but feel empty? Combine external success with inner growth to find true contentment and balance.\" \/>\n<meta property=\"og:url\" content=\"https:\/\/frankrechsteiner.de\/en\/c-level-personality-development-for-your-inner-career\/\" \/>\n<meta property=\"og:site_name\" content=\"frankrechsteiner.de\" \/>\n<meta property=\"article:modified_time\" content=\"2025-06-04T08:36:21+00:00\" \/>\n<meta property=\"og:image\" content=\"https:\/\/frankrechsteiner.de\/wp-content\/uploads\/2025\/04\/Executive-coaching-img-1.webp\" \/>\n\t<meta property=\"og:image:width\" content=\"1920\" \/>\n\t<meta property=\"og:image:height\" content=\"1759\" \/>\n\t<meta property=\"og:image:type\" content=\"image\/webp\" \/>\n<meta name=\"twitter:card\" content=\"summary_large_image\" \/>\n<meta name=\"twitter:label1\" content=\"Est. reading time\" \/>\n\t<meta name=\"twitter:data1\" content=\"4 minutes\" \/>\n<script type=\"application\/ld+json\" class=\"yoast-schema-graph\">{\"@context\":\"https:\\\/\\\/schema.org\",\"@graph\":[{\"@type\":\"WebPage\",\"@id\":\"https:\\\/\\\/frankrechsteiner.de\\\/en\\\/c-level-personality-development-for-your-inner-career\\\/\",\"url\":\"https:\\\/\\\/frankrechsteiner.de\\\/en\\\/c-level-personality-development-for-your-inner-career\\\/\",\"name\":\"C-level personality development for your inner career - frankrechsteiner.de\",\"isPartOf\":{\"@id\":\"https:\\\/\\\/frankrechsteiner.de\\\/en\\\/#website\"},\"datePublished\":\"2023-06-15T13:45:09+00:00\",\"dateModified\":\"2025-06-04T08:36:21+00:00\",\"description\":\"Have you achieved everything, but feel empty? Combine external success with inner growth to find true contentment and balance.\",\"breadcrumb\":{\"@id\":\"https:\\\/\\\/frankrechsteiner.de\\\/en\\\/c-level-personality-development-for-your-inner-career\\\/#breadcrumb\"},\"inLanguage\":\"en-US\",\"potentialAction\":[{\"@type\":\"ReadAction\",\"target\":[\"https:\\\/\\\/frankrechsteiner.de\\\/en\\\/c-level-personality-development-for-your-inner-career\\\/\"]}]},{\"@type\":\"BreadcrumbList\",\"@id\":\"https:\\\/\\\/frankrechsteiner.de\\\/en\\\/c-level-personality-development-for-your-inner-career\\\/#breadcrumb\",\"itemListElement\":[{\"@type\":\"ListItem\",\"position\":1,\"name\":\"Home\",\"item\":\"https:\\\/\\\/frankrechsteiner.de\\\/en\\\/home-3\\\/\"},{\"@type\":\"ListItem\",\"position\":2,\"name\":\"C-level personality development for your inner career\"}]},{\"@type\":\"WebSite\",\"@id\":\"https:\\\/\\\/frankrechsteiner.de\\\/en\\\/#website\",\"url\":\"https:\\\/\\\/frankrechsteiner.de\\\/en\\\/\",\"name\":\"frankrechsteiner.de\",\"description\":\"Potenzialaktivierer f\u00fcr M\u00e4nner in F\u00fchrung und Unternehmen.\",\"potentialAction\":[{\"@type\":\"SearchAction\",\"target\":{\"@type\":\"EntryPoint\",\"urlTemplate\":\"https:\\\/\\\/frankrechsteiner.de\\\/en\\\/?s={search_term_string}\"},\"query-input\":{\"@type\":\"PropertyValueSpecification\",\"valueRequired\":true,\"valueName\":\"search_term_string\"}}],\"inLanguage\":\"en-US\"}]}<\/script>\n<!-- \/ Yoast SEO plugin. -->","yoast_head_json":{"title":"C-level personality development for your inner career - frankrechsteiner.de","description":"Have you achieved everything, but feel empty? Combine external success with inner growth to find true contentment and balance.","robots":{"index":"index","follow":"follow","max-snippet":"max-snippet:-1","max-image-preview":"max-image-preview:large","max-video-preview":"max-video-preview:-1"},"canonical":"https:\/\/frankrechsteiner.de\/en\/c-level-personality-development-for-your-inner-career\/","og_locale":"en_US","og_type":"article","og_title":"C-level personality development for your inner career - frankrechsteiner.de","og_description":"Have you achieved everything, but feel empty? Combine external success with inner growth to find true contentment and balance.","og_url":"https:\/\/frankrechsteiner.de\/en\/c-level-personality-development-for-your-inner-career\/","og_site_name":"frankrechsteiner.de","article_modified_time":"2025-06-04T08:36:21+00:00","og_image":[{"width":1920,"height":1759,"url":"https:\/\/frankrechsteiner.de\/wp-content\/uploads\/2025\/04\/Executive-coaching-img-1.webp","type":"image\/webp"}],"twitter_card":"summary_large_image","twitter_misc":{"Est. reading time":"4 minutes"},"schema":{"@context":"https:\/\/schema.org","@graph":[{"@type":"WebPage","@id":"https:\/\/frankrechsteiner.de\/en\/c-level-personality-development-for-your-inner-career\/","url":"https:\/\/frankrechsteiner.de\/en\/c-level-personality-development-for-your-inner-career\/","name":"C-level personality development for your inner career - frankrechsteiner.de","isPartOf":{"@id":"https:\/\/frankrechsteiner.de\/en\/#website"},"datePublished":"2023-06-15T13:45:09+00:00","dateModified":"2025-06-04T08:36:21+00:00","description":"Have you achieved everything, but feel empty? Combine external success with inner growth to find true contentment and balance.","breadcrumb":{"@id":"https:\/\/frankrechsteiner.de\/en\/c-level-personality-development-for-your-inner-career\/#breadcrumb"},"inLanguage":"en-US","potentialAction":[{"@type":"ReadAction","target":["https:\/\/frankrechsteiner.de\/en\/c-level-personality-development-for-your-inner-career\/"]}]},{"@type":"BreadcrumbList","@id":"https:\/\/frankrechsteiner.de\/en\/c-level-personality-development-for-your-inner-career\/#breadcrumb","itemListElement":[{"@type":"ListItem","position":1,"name":"Home","item":"https:\/\/frankrechsteiner.de\/en\/home-3\/"},{"@type":"ListItem","position":2,"name":"C-level personality development for your inner career"}]},{"@type":"WebSite","@id":"https:\/\/frankrechsteiner.de\/en\/#website","url":"https:\/\/frankrechsteiner.de\/en\/","name":"frankrechsteiner.de","description":"Potenzialaktivierer f\u00fcr M\u00e4nner in F\u00fchrung und Unternehmen.","potentialAction":[{"@type":"SearchAction","target":{"@type":"EntryPoint","urlTemplate":"https:\/\/frankrechsteiner.de\/en\/?s={search_term_string}"},"query-input":{"@type":"PropertyValueSpecification","valueRequired":true,"valueName":"search_term_string"}}],"inLanguage":"en-US"}]}},"_links":{"self":[{"href":"https:\/\/frankrechsteiner.de\/en\/wp-json\/wp\/v2\/pages\/4268","targetHints":{"allow":["GET"]}}],"collection":[{"href":"https:\/\/frankrechsteiner.de\/en\/wp-json\/wp\/v2\/pages"}],"about":[{"href":"https:\/\/frankrechsteiner.de\/en\/wp-json\/wp\/v2\/types\/page"}],"author":[{"embeddable":true,"href":"https:\/\/frankrechsteiner.de\/en\/wp-json\/wp\/v2\/users\/1"}],"replies":[{"embeddable":true,"href":"https:\/\/frankrechsteiner.de\/en\/wp-json\/wp\/v2\/comments?post=4268"}],"version-history":[{"count":2,"href":"https:\/\/frankrechsteiner.de\/en\/wp-json\/wp\/v2\/pages\/4268\/revisions"}],"predecessor-version":[{"id":4272,"href":"https:\/\/frankrechsteiner.de\/en\/wp-json\/wp\/v2\/pages\/4268\/revisions\/4272"}],"wp:attachment":[{"href":"https:\/\/frankrechsteiner.de\/en\/wp-json\/wp\/v2\/media?parent=4268"}],"curies":[{"name":"wp","href":"https:\/\/api.w.org\/{rel}","templated":true}]}}