{"id":5484,"date":"2026-04-01T11:03:56","date_gmt":"2026-04-01T11:03:56","guid":{"rendered":"https:\/\/frankrechsteiner.de\/podcast-men-in-crisis\/"},"modified":"2026-04-01T18:32:20","modified_gmt":"2026-04-01T18:32:20","slug":"podcast-men-in-crisis","status":"publish","type":"page","link":"https:\/\/frankrechsteiner.de\/en\/podcast-men-in-crisis\/","title":{"rendered":"Podcast &#8211; Men in crisis"},"content":{"rendered":"<p>[et_pb_section fb_built=&#8221;1&#8243; custom_padding_last_edited=&#8221;on|phone&#8221; _builder_version=&#8221;4.27.6&#8243; _module_preset=&#8221;4b3cd3a1-6b77-4638-987f-79d5980f1993&#8243; background_color=&#8221;#EDEDED&#8221; custom_padding=&#8221;100px||200px||false|false&#8221; custom_padding_tablet=&#8221;100px||200px||false|false&#8221; custom_padding_phone=&#8221;100px||200px||false|false&#8221; top_divider_color=&#8221;#FFFFFF&#8221; top_divider_flip=&#8221;horizontal&#8221; bottom_divider_color=&#8221;#FFFFFF&#8221; bottom_divider_flip=&#8221;horizontal&#8221; hover_enabled=&#8221;0&#8243; global_colors_info=&#8221;{}&#8221; locked=&#8221;off&#8221; theme_builder_area=&#8221;post_content&#8221; sticky_enabled=&#8221;0&#8243;][et_pb_row _builder_version=&#8221;4.27.4&#8243; _module_preset=&#8221;default&#8221; custom_margin=&#8221;||25px||false|false&#8221; global_colors_info=&#8221;{}&#8221; theme_builder_area=&#8221;post_content&#8221;][et_pb_column type=&#8221;4_4&#8243; _builder_version=&#8221;4.27.4&#8243; _module_preset=&#8221;default&#8221; custom_css_main_element=&#8221;display:flex;||gap:20px;||justify-content:center;||&#8221; global_colors_info=&#8221;{}&#8221; theme_builder_area=&#8221;post_content&#8221;][et_pb_image src=&#8221;https:\/\/frankrechsteiner.de\/wp-content\/uploads\/2025\/05\/spotify-podcast-badge-blk-grn-330&#215;80-1.webp&#8221; title_text=&#8221;spotify-podcast-badge-blk-grn-330&#215;80&#8243; url=&#8221;https:\/\/open.spotify.com\/show\/2Xfisr6oelhzaU2FnaIZea&#8221; align=&#8221;center&#8221; module_class=&#8221;animation-main-img&#8221; _builder_version=&#8221;4.27.4&#8243; _module_preset=&#8221;default&#8221; width=&#8221;200px&#8221; width_tablet=&#8221;175px&#8221; width_phone=&#8221;175px&#8221; width_last_edited=&#8221;on|tablet&#8221; max_width_tablet=&#8221;&#8221; max_width_phone=&#8221;&#8221; max_width_last_edited=&#8221;on|phone&#8221; height=&#8221;48px&#8221; height_tablet=&#8221;50px&#8221; height_phone=&#8221;30px&#8221; height_last_edited=&#8221;on|phone&#8221; custom_margin=&#8221;||10px||false|false&#8221; custom_css_main_element=&#8221;margin: 0;&#8221; global_colors_info=&#8221;{}&#8221; custom_css_main_element_last_edited=&#8221;on|phone&#8221; custom_css_main_element_phone=&#8221;width:fit-content;&#8221; custom_css_main_element_tablet=&#8221;margin: 0;&#8221; theme_builder_area=&#8221;post_content&#8221;][\/et_pb_image][et_pb_image src=&#8221;https:\/\/frankrechsteiner.de\/wp-content\/uploads\/2025\/04\/US-UK_Apple_Podcasts_Listen_Badge_RGB_062023.png&#8221; title_text=&#8221;US-UK_Apple_Podcasts_Listen_Badge_RGB_062023&#8243; url=&#8221;https:\/\/podcasts.apple.com\/us\/podcast\/kannst-du-dich-f%C3%BChlen-der-m%C3%A4nner-podcast-mit-frank\/id1761337825&#8243; align=&#8221;center&#8221; module_class=&#8221;animation-main-img&#8221; _builder_version=&#8221;4.27.4&#8243; _module_preset=&#8221;default&#8221; width_tablet=&#8221;175px&#8221; width_phone=&#8221;175px&#8221; width_last_edited=&#8221;on|tablet&#8221; max_width_tablet=&#8221;&#8221; max_width_phone=&#8221;&#8221; max_width_last_edited=&#8221;on|phone&#8221; height=&#8221;50px&#8221; height_tablet=&#8221;50px&#8221; height_phone=&#8221;30px&#8221; height_last_edited=&#8221;on|phone&#8221; custom_margin=&#8221;||10px||false|false&#8221; custom_css_main_element=&#8221;margin: 0;&#8221; global_colors_info=&#8221;{}&#8221; custom_css_main_element_last_edited=&#8221;on|phone&#8221; custom_css_main_element_phone=&#8221;width:fit-content;&#8221; custom_css_main_element_tablet=&#8221;margin: 0;&#8221; theme_builder_area=&#8221;post_content&#8221;][\/et_pb_image][\/et_pb_column][\/et_pb_row][et_pb_row _builder_version=&#8221;4.26.0&#8243; _module_preset=&#8221;default&#8221; max_width=&#8221;1000px&#8221; module_alignment=&#8221;center&#8221; global_colors_info=&#8221;{}&#8221; theme_builder_area=&#8221;post_content&#8221;][et_pb_column type=&#8221;4_4&#8243; _builder_version=&#8221;4.26.0&#8243; _module_preset=&#8221;default&#8221; global_colors_info=&#8221;{}&#8221; theme_builder_area=&#8221;post_content&#8221;][et_pb_text _builder_version=&#8221;4.27.6&#8243; _module_preset=&#8221;default&#8221; header_2_text_align=&#8221;center&#8221; max_width=&#8221;700px&#8221; module_alignment=&#8221;center&#8221; hover_enabled=&#8221;0&#8243; global_colors_info=&#8221;{}&#8221; theme_builder_area=&#8221;post_content&#8221; header_font=&#8221;Montserrat|700|||||||&#8221; header_text_align=&#8221;center&#8221; sticky_enabled=&#8221;0&#8243;]<\/p>\n<h1>Men in crisis &#8211; The men&#8217;s podcast with Frank!<\/h1>\n<p>[\/et_pb_text][et_pb_image src=&#8221;https:\/\/frankrechsteiner.de\/wp-content\/uploads\/2025\/10\/PodcastCover_Oktober2025.jpeg&#8221; title_text=&#8221;Rechsteiner_Redesign2025 &#8211; 20&#8243; url=&#8221;https:\/\/open.spotify.com\/show\/2Xfisr6oelhzaU2FnaIZea&#8221; align=&#8221;center&#8221; _builder_version=&#8221;4.27.4&#8243; _module_preset=&#8221;default&#8221; max_width=&#8221;300px&#8221; module_alignment=&#8221;center&#8221; custom_margin=&#8221;||-2px||false|false&#8221; custom_padding=&#8221;||50px||false|false&#8221; custom_css_main_element=&#8221;transition:300ms all ease-in-out;&#8221; global_colors_info=&#8221;{}&#8221; custom_css_main_element__hover_enabled=&#8221;on|hover&#8221; custom_css_main_element__hover=&#8221;transform:scale(1.1)&#8221; theme_builder_area=&#8221;post_content&#8221;][\/et_pb_image][et_pb_text _builder_version=&#8221;4.27.5&#8243; _module_preset=&#8221;default&#8221; text_orientation=&#8221;center&#8221; max_width=&#8221;600px&#8221; module_alignment=&#8221;center&#8221; custom_margin=&#8221;||50px||false|false&#8221; global_colors_info=&#8221;{}&#8221; theme_builder_area=&#8221;post_content&#8221;]<\/p>\n<p><span>Welcome to <strong>Men in Crisis &#8211; The men&#8217;s podcast with Frank!<\/strong> Here we talk about real issues, honest emotions and the challenges that move us men.<\/span><\/p>\n<p>[\/et_pb_text][et_pb_button button_url=&#8221;https:\/\/open.spotify.com\/show\/2Xfisr6oelhzaU2FnaIZea&#8221; button_text=&#8221;Listen now&#8221; button_alignment=&#8221;center&#8221; _builder_version=&#8221;4.27.4&#8243; _module_preset=&#8221;default&#8221; button_text_size=&#8221;20px&#8221; button_use_icon=&#8221;on&#8221; button_icon=&#8221;&#xf025;||fa||900&#8243; button_on_hover=&#8221;off&#8221; custom_margin=&#8221;||||false|false&#8221; custom_margin_tablet=&#8221;|||0px|false|false&#8221; custom_margin_phone=&#8221;|||0px|false|false&#8221; custom_margin_last_edited=&#8221;on|tablet&#8221; custom_padding=&#8221;11px|50px|11px|25px|true|false&#8221; custom_css_main_element=&#8221;display:inline-block;||width:fit-content!important;&#8221; global_colors_info=&#8221;{}&#8221; custom_css_main_element__hover_enabled=&#8221;on|desktop&#8221; custom_css_main_element__hover=&#8221;display:inline-block;||width:fit-content!important;&#8221; theme_builder_area=&#8221;post_content&#8221;][\/et_pb_button][\/et_pb_column][\/et_pb_row][\/et_pb_section]<\/p>\n","protected":false},"excerpt":{"rendered":"<p>Men in crisis &#8211; The men&#8217;s podcast with Frank!Welcome to Men in Crisis &#8211; The men&#8217;s podcast with Frank! Here we talk about real issues, honest emotions and the challenges that move us men.<\/p>\n","protected":false},"author":2,"featured_media":0,"parent":0,"menu_order":0,"comment_status":"closed","ping_status":"closed","template":"","meta":{"_et_pb_use_builder":"on","_et_pb_old_content":"","_et_gb_content_width":"","inline_featured_image":false,"footnotes":""},"class_list":["post-5484","page","type-page","status-publish","hentry"],"yoast_head":"<!-- This site is optimized with the Yoast SEO plugin v27.1.1 - https:\/\/yoast.com\/product\/yoast-seo-wordpress\/ -->\n<title>Podcast - Men in crisis - frankrechsteiner.de<\/title>\n<meta name=\"description\" content=\"A podcast for men about real challenges, inner conflicts, emotions and the courage to be honest with yourself.\" \/>\n<meta name=\"robots\" content=\"index, follow, max-snippet:-1, max-image-preview:large, max-video-preview:-1\" \/>\n<link rel=\"canonical\" href=\"https:\/\/frankrechsteiner.de\/en\/podcast-men-in-crisis\/\" \/>\n<meta property=\"og:locale\" content=\"en_US\" \/>\n<meta property=\"og:type\" content=\"article\" \/>\n<meta property=\"og:title\" content=\"Podcast - Men in crisis - frankrechsteiner.de\" \/>\n<meta property=\"og:description\" content=\"A podcast for men about real challenges, inner conflicts, emotions and the courage to be honest with yourself.\" \/>\n<meta property=\"og:url\" content=\"https:\/\/frankrechsteiner.de\/en\/podcast-men-in-crisis\/\" \/>\n<meta property=\"og:site_name\" content=\"frankrechsteiner.de\" \/>\n<meta property=\"article:modified_time\" content=\"2026-04-01T18:32:20+00:00\" \/>\n<meta property=\"og:image\" content=\"https:\/\/frankrechsteiner.de\/wp-content\/uploads\/2025\/04\/Executive-coaching-img-1.webp\" \/>\n\t<meta property=\"og:image:width\" content=\"1920\" \/>\n\t<meta property=\"og:image:height\" content=\"1759\" \/>\n\t<meta property=\"og:image:type\" content=\"image\/webp\" \/>\n<meta name=\"twitter:card\" content=\"summary_large_image\" \/>\n<meta name=\"twitter:label1\" content=\"Est. reading time\" \/>\n\t<meta name=\"twitter:data1\" content=\"4 minutes\" \/>\n<script type=\"application\/ld+json\" class=\"yoast-schema-graph\">{\"@context\":\"https:\/\/schema.org\",\"@graph\":[{\"@type\":\"WebPage\",\"@id\":\"https:\/\/frankrechsteiner.de\/en\/podcast-men-in-crisis\/\",\"url\":\"https:\/\/frankrechsteiner.de\/en\/podcast-men-in-crisis\/\",\"name\":\"Podcast - Men in crisis - frankrechsteiner.de\",\"isPartOf\":{\"@id\":\"https:\/\/frankrechsteiner.de\/en\/#website\"},\"datePublished\":\"2026-04-01T11:03:56+00:00\",\"dateModified\":\"2026-04-01T18:32:20+00:00\",\"description\":\"A podcast for men about real challenges, inner conflicts, emotions and the courage to be honest with yourself.\",\"breadcrumb\":{\"@id\":\"https:\/\/frankrechsteiner.de\/en\/podcast-men-in-crisis\/#breadcrumb\"},\"inLanguage\":\"en-US\",\"potentialAction\":[{\"@type\":\"ReadAction\",\"target\":[\"https:\/\/frankrechsteiner.de\/en\/podcast-men-in-crisis\/\"]}]},{\"@type\":\"BreadcrumbList\",\"@id\":\"https:\/\/frankrechsteiner.de\/en\/podcast-men-in-crisis\/#breadcrumb\",\"itemListElement\":[{\"@type\":\"ListItem\",\"position\":1,\"name\":\"Home\",\"item\":\"https:\/\/frankrechsteiner.de\/en\/home-3\/\"},{\"@type\":\"ListItem\",\"position\":2,\"name\":\"Podcast &#8211; Men in crisis\"}]},{\"@type\":\"WebSite\",\"@id\":\"https:\/\/frankrechsteiner.de\/en\/#website\",\"url\":\"https:\/\/frankrechsteiner.de\/en\/\",\"name\":\"frankrechsteiner.de\",\"description\":\"Potenzialaktivierer f\u00fcr M\u00e4nner in F\u00fchrung und Unternehmen.\",\"potentialAction\":[{\"@type\":\"SearchAction\",\"target\":{\"@type\":\"EntryPoint\",\"urlTemplate\":\"https:\/\/frankrechsteiner.de\/en\/?s={search_term_string}\"},\"query-input\":{\"@type\":\"PropertyValueSpecification\",\"valueRequired\":true,\"valueName\":\"search_term_string\"}}],\"inLanguage\":\"en-US\"}]}<\/script>\n<!-- \/ Yoast SEO plugin. -->","yoast_head_json":{"title":"Podcast - Men in crisis - frankrechsteiner.de","description":"A podcast for men about real challenges, inner conflicts, emotions and the courage to be honest with yourself.","robots":{"index":"index","follow":"follow","max-snippet":"max-snippet:-1","max-image-preview":"max-image-preview:large","max-video-preview":"max-video-preview:-1"},"canonical":"https:\/\/frankrechsteiner.de\/en\/podcast-men-in-crisis\/","og_locale":"en_US","og_type":"article","og_title":"Podcast - Men in crisis - frankrechsteiner.de","og_description":"A podcast for men about real challenges, inner conflicts, emotions and the courage to be honest with yourself.","og_url":"https:\/\/frankrechsteiner.de\/en\/podcast-men-in-crisis\/","og_site_name":"frankrechsteiner.de","article_modified_time":"2026-04-01T18:32:20+00:00","og_image":[{"width":1920,"height":1759,"url":"https:\/\/frankrechsteiner.de\/wp-content\/uploads\/2025\/04\/Executive-coaching-img-1.webp","type":"image\/webp"}],"twitter_card":"summary_large_image","twitter_misc":{"Est. reading time":"4 minutes"},"schema":{"@context":"https:\/\/schema.org","@graph":[{"@type":"WebPage","@id":"https:\/\/frankrechsteiner.de\/en\/podcast-men-in-crisis\/","url":"https:\/\/frankrechsteiner.de\/en\/podcast-men-in-crisis\/","name":"Podcast - Men in crisis - frankrechsteiner.de","isPartOf":{"@id":"https:\/\/frankrechsteiner.de\/en\/#website"},"datePublished":"2026-04-01T11:03:56+00:00","dateModified":"2026-04-01T18:32:20+00:00","description":"A podcast for men about real challenges, inner conflicts, emotions and the courage to be honest with yourself.","breadcrumb":{"@id":"https:\/\/frankrechsteiner.de\/en\/podcast-men-in-crisis\/#breadcrumb"},"inLanguage":"en-US","potentialAction":[{"@type":"ReadAction","target":["https:\/\/frankrechsteiner.de\/en\/podcast-men-in-crisis\/"]}]},{"@type":"BreadcrumbList","@id":"https:\/\/frankrechsteiner.de\/en\/podcast-men-in-crisis\/#breadcrumb","itemListElement":[{"@type":"ListItem","position":1,"name":"Home","item":"https:\/\/frankrechsteiner.de\/en\/home-3\/"},{"@type":"ListItem","position":2,"name":"Podcast &#8211; Men in crisis"}]},{"@type":"WebSite","@id":"https:\/\/frankrechsteiner.de\/en\/#website","url":"https:\/\/frankrechsteiner.de\/en\/","name":"frankrechsteiner.de","description":"Potenzialaktivierer f\u00fcr M\u00e4nner in F\u00fchrung und Unternehmen.","potentialAction":[{"@type":"SearchAction","target":{"@type":"EntryPoint","urlTemplate":"https:\/\/frankrechsteiner.de\/en\/?s={search_term_string}"},"query-input":{"@type":"PropertyValueSpecification","valueRequired":true,"valueName":"search_term_string"}}],"inLanguage":"en-US"}]}},"_links":{"self":[{"href":"https:\/\/frankrechsteiner.de\/en\/wp-json\/wp\/v2\/pages\/5484","targetHints":{"allow":["GET"]}}],"collection":[{"href":"https:\/\/frankrechsteiner.de\/en\/wp-json\/wp\/v2\/pages"}],"about":[{"href":"https:\/\/frankrechsteiner.de\/en\/wp-json\/wp\/v2\/types\/page"}],"author":[{"embeddable":true,"href":"https:\/\/frankrechsteiner.de\/en\/wp-json\/wp\/v2\/users\/2"}],"replies":[{"embeddable":true,"href":"https:\/\/frankrechsteiner.de\/en\/wp-json\/wp\/v2\/comments?post=5484"}],"version-history":[{"count":2,"href":"https:\/\/frankrechsteiner.de\/en\/wp-json\/wp\/v2\/pages\/5484\/revisions"}],"predecessor-version":[{"id":5486,"href":"https:\/\/frankrechsteiner.de\/en\/wp-json\/wp\/v2\/pages\/5484\/revisions\/5486"}],"wp:attachment":[{"href":"https:\/\/frankrechsteiner.de\/en\/wp-json\/wp\/v2\/media?parent=5484"}],"curies":[{"name":"wp","href":"https:\/\/api.w.org\/{rel}","templated":true}]}}